{"id":93,"date":"2026-02-09T10:42:28","date_gmt":"2026-02-09T10:42:28","guid":{"rendered":"https:\/\/viva100anos.com\/?page_id=93"},"modified":"2026-04-02T06:02:16","modified_gmt":"2026-04-02T06:02:16","slug":"projeto-viva-100-anos","status":"publish","type":"page","link":"https:\/\/viva100anos.com\/pt_br\/","title":{"rendered":"Projeto Viva 100 Anos"},"content":{"rendered":"\n<div class=\"wp-block-group alignwide is-nowrap is-layout-flex wp-container-core-group-is-layout-ad2f72ca wp-block-group-is-layout-flex\">\n<blockquote class=\"wp-block-quote is-layout-flow wp-block-quote-is-layout-flow\">\n<p class=\"has-text-align-center\"><strong><mark style=\"background-color:rgba(0, 0, 0, 0)\" class=\"has-inline-color has-accent-color\">Compartilhamos informa\u00e7\u00f5es valiosas e juntos mudamos os nossos h\u00e1bitos.<\/mark><\/strong><\/p>\n<\/blockquote>\n\n\n\n<blockquote class=\"wp-block-quote is-layout-flow wp-block-quote-is-layout-flow\">\n<p class=\"has-text-align-center\"><mark style=\"background-color:rgba(0, 0, 0, 0)\" class=\"has-inline-color has-accent-color\"><strong>Constru\u00edmos n\u00e3o somente corpos e mentes mais fortes, mas tamb\u00e9m criamos condi\u00e7\u00f5es para uma vida longa e saud\u00e1vel.<\/strong><\/mark><\/p>\n<\/blockquote>\n<\/div>\n\n\n\n<p><\/p>\n\n\n<div class=\"wp-block-image wp-duotone-unset-1\">\n<figure class=\"aligncenter size-large\"><img loading=\"lazy\" decoding=\"async\" width=\"1024\" height=\"585\" src=\"https:\/\/viva100anos.com\/wp-content\/uploads\/2026\/02\/longevidade.saudavel-1-1024x585.jpg\" alt=\"fotografia de um jardim na provinci de shimane onde pessoas da terceira idade aproveitam sua saude e vida feliz.\" class=\"wp-image-95\" title=\"\" srcset=\"https:\/\/viva100anos.com\/wp-content\/uploads\/2026\/02\/longevidade.saudavel-1-1024x585.jpg 1024w, https:\/\/viva100anos.com\/wp-content\/uploads\/2026\/02\/longevidade.saudavel-1-300x171.jpg 300w, https:\/\/viva100anos.com\/wp-content\/uploads\/2026\/02\/longevidade.saudavel-1-768x439.jpg 768w, https:\/\/viva100anos.com\/wp-content\/uploads\/2026\/02\/longevidade.saudavel-1.jpg 1344w\" sizes=\"auto, (max-width: 1024px) 100vw, 1024px\" \/><figcaption class=\"wp-element-caption\">S<em>a\u00fade se aprende, longevidade se compartilha. No Viva 100 Anos, a informa\u00e7\u00e3o de qualidade \u00e9 o elo que nos une.<\/em><\/figcaption><\/figure>\n<\/div>\n\n\n<p><\/p>\n\n\n\n<div class=\"wp-block-media-text has-media-on-the-right is-stacked-on-mobile is-vertically-aligned-center\" style=\"grid-template-columns:auto 39%\"><div class=\"wp-block-media-text__content\">\n<blockquote class=\"wp-block-quote is-layout-flow wp-block-quote-is-layout-flow\">\n<p class=\"has-text-align-center\"><strong>Determina\u00e7\u00e3o Pessoal<\/strong><\/p>\n\n\n\n<p class=\"has-text-align-center\"><em><strong>O Viva 100 Anos nasceu de uma determina\u00e7\u00e3o pessoal inabal\u00e1vel. Diante do desafio da necrose avascular bilateral, decidi que a minha resposta n\u00e3o seria a resigna\u00e7\u00e3o, mas a busca incans\u00e1vel por sa\u00fade em todos os aspectos \u2014 f\u00edsico e mental.<\/strong><\/em><\/p>\n<\/blockquote>\n<\/div><figure class=\"wp-block-media-text__media\"><img loading=\"lazy\" decoding=\"async\" width=\"1024\" height=\"758\" src=\"https:\/\/viva100anos.com\/wp-content\/uploads\/2026\/03\/277KB.necrosis-1024x758.avif\" alt=\"\" class=\"wp-image-136 size-full\" title=\"\" srcset=\"https:\/\/viva100anos.com\/wp-content\/uploads\/2026\/03\/277KB.necrosis-1024x758.avif 1024w, https:\/\/viva100anos.com\/wp-content\/uploads\/2026\/03\/277KB.necrosis-300x222.avif 300w, https:\/\/viva100anos.com\/wp-content\/uploads\/2026\/03\/277KB.necrosis-768x568.avif 768w, https:\/\/viva100anos.com\/wp-content\/uploads\/2026\/03\/277KB.necrosis-1536x1137.avif 1536w, https:\/\/viva100anos.com\/wp-content\/uploads\/2026\/03\/277KB.necrosis-16x12.avif 16w, https:\/\/viva100anos.com\/wp-content\/uploads\/2026\/03\/277KB.necrosis.avif 1812w\" sizes=\"auto, (max-width: 1024px) 100vw, 1024px\" \/><\/figure><\/div>\n\n\n\n<p><\/p>\n\n\n\n<div class=\"wp-block-media-text alignwide is-stacked-on-mobile is-vertically-aligned-center\" style=\"grid-template-columns:22% auto\"><figure class=\"wp-block-media-text__media\"><img loading=\"lazy\" decoding=\"async\" width=\"643\" height=\"1024\" src=\"https:\/\/viva100anos.com\/wp-content\/uploads\/2026\/03\/fotoMICHAEL-643x1024.avif\" alt=\"\" class=\"wp-image-140 size-full\" title=\"\" srcset=\"https:\/\/viva100anos.com\/wp-content\/uploads\/2026\/03\/fotoMICHAEL-643x1024.avif 643w, https:\/\/viva100anos.com\/wp-content\/uploads\/2026\/03\/fotoMICHAEL-188x300.avif 188w, https:\/\/viva100anos.com\/wp-content\/uploads\/2026\/03\/fotoMICHAEL-768x1224.avif 768w, https:\/\/viva100anos.com\/wp-content\/uploads\/2026\/03\/fotoMICHAEL-964x1536.avif 964w, https:\/\/viva100anos.com\/wp-content\/uploads\/2026\/03\/fotoMICHAEL-8x12.avif 8w, https:\/\/viva100anos.com\/wp-content\/uploads\/2026\/03\/fotoMICHAEL.avif 1004w\" sizes=\"auto, (max-width: 643px) 100vw, 643px\" \/><\/figure><div class=\"wp-block-media-text__content\">\n<blockquote class=\"wp-block-quote is-layout-flow wp-block-quote-is-layout-flow\">\n<p class=\"has-text-align-center\"><strong>Uma Vis\u00e3o Global de Sa\u00fade<\/strong><\/p>\n<\/blockquote>\n\n\n\n<div class=\"wp-block-group is-vertical is-layout-flex wp-container-core-group-is-layout-8cf370e7 wp-block-group-is-layout-flex\">\n<p class=\"has-text-align-center\"><strong><em>A Sabedoria do Mundo a Servi\u00e7o da Sua Longevidade<\/em><\/strong><\/p>\n\n\n\n<p>No Viva 100 Anos, acreditamos que a verdadeira sa\u00fade \u00e9 encontrada em uma perspectiva global. Quando os povos do mundo compartilham suas pr\u00e1ticas e sabedorias milenares, criamos um mapa seguro para n\u00edveis de vitalidade que voc\u00ea nunca imaginou alcan\u00e7ar.<\/p>\n<\/div>\n<\/div><\/div>\n\n\n\n<hr class=\"wp-block-separator has-alpha-channel-opacity\"\/>\n\n\n\n<div class=\"wp-block-media-text has-media-on-the-right is-stacked-on-mobile is-vertically-aligned-center\" style=\"grid-template-columns:auto 31%\"><div class=\"wp-block-media-text__content\">\n<blockquote class=\"wp-block-quote has-text-align-center is-layout-flow wp-block-quote-is-layout-flow\">\n<p>Sa\u00fade para todos!<\/p>\n<\/blockquote>\n\n\n\n<div class=\"wp-block-group is-nowrap is-layout-flex wp-container-core-group-is-layout-ad2f72ca wp-block-group-is-layout-flex\">\n<p>Ao navegar pelo nosso site, voc\u00ea n\u00e3o encontra apenas dicas; voc\u00ea acessa um patrim\u00f4nio da humanidade. Queremos que voc\u00ea sinta interesse por si mesmo ao descobrir como diferentes culturas tratam o corpo e a mente como rem\u00e9dio. Esse interc\u00e2mbio de conhecimentos e pr\u00e1ticas de sa\u00fade \u00e9 o que chamamos de <strong><em>Resson\u00e2ncia Vital<sub>.<\/sub><\/em><\/strong><\/p>\n<\/div>\n<\/div><figure class=\"wp-block-media-text__media\"><img loading=\"lazy\" decoding=\"async\" width=\"694\" height=\"1024\" src=\"https:\/\/viva100anos.com\/wp-content\/uploads\/2026\/03\/paz-694x1024.jpeg\" alt=\"\" class=\"wp-image-172 size-full\" title=\"\" srcset=\"https:\/\/viva100anos.com\/wp-content\/uploads\/2026\/03\/paz-694x1024.jpeg 694w, https:\/\/viva100anos.com\/wp-content\/uploads\/2026\/03\/paz-203x300.jpeg 203w, https:\/\/viva100anos.com\/wp-content\/uploads\/2026\/03\/paz-768x1134.jpeg 768w, https:\/\/viva100anos.com\/wp-content\/uploads\/2026\/03\/paz-1041x1536.jpeg 1041w, https:\/\/viva100anos.com\/wp-content\/uploads\/2026\/03\/paz-8x12.jpeg 8w, https:\/\/viva100anos.com\/wp-content\/uploads\/2026\/03\/paz.jpeg 1084w\" sizes=\"auto, (max-width: 694px) 100vw, 694px\" \/><\/figure><\/div>\n\n\n\n<h2 data-wp-context---core-fit-text=\"core\/fit-text::{&quot;fontSize&quot;:&quot;&quot;}\" data-wp-init---core-fit-text=\"core\/fit-text::callbacks.init\" data-wp-interactive data-wp-style--font-size=\"core\/fit-text::context.fontSize\" class=\"wp-block-heading has-text-align-center has-fit-text\">Vamos nos tornar, juntos, um(a) Explorador(a) da Sa\u00fade!<\/h2>\n\n\n\n<blockquote class=\"wp-block-quote is-layout-flow wp-block-quote-is-layout-flow\">\n<p><strong>Um forte e caloroso Abra\u00e7o!<\/strong><\/p>\n<\/blockquote>\n\n\n\n<p>Reda\u00e7\u00e3o <\/p>\n\n\n<div class=\"wp-block-site-logo\"><a href=\"https:\/\/viva100anos.com\/pt_br\/\" class=\"custom-logo-link  no-t-logo\" rel=\"home\" itemprop=\"url\"><img loading=\"lazy\" decoding=\"async\" width=\"132\" height=\"132\" src=\"https:\/\/viva100anos.com\/wp-content\/uploads\/2026\/03\/cropped-logo.sol_-300x300-removebg-preview.png\" class=\"custom-logo\" alt=\"Viva100anos\" itemprop=\"logo\" srcset=\"https:\/\/viva100anos.com\/wp-content\/uploads\/2026\/03\/cropped-logo.sol_-300x300-removebg-preview.png 300w, https:\/\/viva100anos.com\/wp-content\/uploads\/2026\/03\/cropped-logo.sol_-300x300-removebg-preview-150x150.png 150w, https:\/\/viva100anos.com\/wp-content\/uploads\/2026\/03\/cropped-logo.sol_-300x300-removebg-preview-12x12.png 12w\" sizes=\"auto, (max-width: 132px) 100vw, 132px\" title=\"\"><\/a><\/div>\n\n\n\n\n<hr class=\"wp-block-separator has-alpha-channel-opacity\"\/>\n\n\n\n<div class=\"wp-block-columns alignwide are-vertically-aligned-bottom has-small-font-size is-layout-flex wp-container-core-columns-is-layout-9d6595d7 wp-block-columns-is-layout-flex\">\n<div class=\"wp-block-column is-vertically-aligned-bottom is-layout-flow wp-block-column-is-layout-flow\">\n<p class=\"has-text-align-center\">Aviso Legal: <\/p>\n\n\n\n<p class=\"has-text-align-center\">O conte\u00fado do site Viva 100 Anos destina-se apenas a fins informativos e educacionais. As informa\u00e7\u00f5es aqui contidas n\u00e3o substituem o aconselhamento, diagn\u00f3stico ou tratamento m\u00e9dico profissional. Sempre procure a orienta\u00e7\u00e3o de seu m\u00e9dico ou outro profissional de sa\u00fade qualificado para qualquer d\u00favida sobre sua condi\u00e7\u00e3o cl\u00ednica. Nunca desconsidere o conselho m\u00e9dico profissional por causa de algo que voc\u00ea leu neste site.<\/p>\n\n\n\n<p class=\"has-text-align-center has-small-font-size\">Copyright \u00a9\ufe0f 2026 viva100anos.com \u2013 Todos os direitos reservados.<\/p>\n<\/div>\n<\/div>\n","protected":false},"excerpt":{"rendered":"<p>Compartilhamos informa\u00e7\u00f5es valiosas e juntos mudamos os nossos h\u00e1bitos. Constru\u00edmos n\u00e3o somente corpos e mentes mais fortes, mas tamb\u00e9m criamos condi\u00e7\u00f5es para uma vida longa e saud\u00e1vel. Vamos nos tornar, &#8230;<\/p>\n","protected":false},"author":1,"featured_media":0,"parent":0,"menu_order":0,"comment_status":"closed","ping_status":"closed","template":"","meta":{"footnotes":"[]"},"class_list":["post-93","page","type-page","status-publish","hentry"],"_hostinger_reach_plugin_has_subscription_block":false,"_hostinger_reach_plugin_is_elementor":false,"_links":{"self":[{"href":"https:\/\/viva100anos.com\/pt_br\/wp-json\/wp\/v2\/pages\/93","targetHints":{"allow":["GET"]}}],"collection":[{"href":"https:\/\/viva100anos.com\/pt_br\/wp-json\/wp\/v2\/pages"}],"about":[{"href":"https:\/\/viva100anos.com\/pt_br\/wp-json\/wp\/v2\/types\/page"}],"author":[{"embeddable":true,"href":"https:\/\/viva100anos.com\/pt_br\/wp-json\/wp\/v2\/users\/1"}],"replies":[{"embeddable":true,"href":"https:\/\/viva100anos.com\/pt_br\/wp-json\/wp\/v2\/comments?post=93"}],"version-history":[{"count":34,"href":"https:\/\/viva100anos.com\/pt_br\/wp-json\/wp\/v2\/pages\/93\/revisions"}],"predecessor-version":[{"id":352,"href":"https:\/\/viva100anos.com\/pt_br\/wp-json\/wp\/v2\/pages\/93\/revisions\/352"}],"wp:attachment":[{"href":"https:\/\/viva100anos.com\/pt_br\/wp-json\/wp\/v2\/media?parent=93"}],"curies":[{"name":"wp","href":"https:\/\/api.w.org\/{rel}","templated":true}]}}