{"id":67,"date":"2026-02-06T11:34:21","date_gmt":"2026-02-06T11:34:21","guid":{"rendered":"https:\/\/viva100anos.com\/?page_id=67"},"modified":"2026-03-03T02:11:29","modified_gmt":"2026-03-03T02:11:29","slug":"contato","status":"publish","type":"page","link":"https:\/\/viva100anos.com\/pt_br\/contato\/","title":{"rendered":"Contato"},"content":{"rendered":"\n<p><strong>Entre em Contato<\/strong>:<\/p>\n\n\n\n<p><strong>Voc\u00ea tem alguma d\u00favida sobre os protocolos de longevidade, sugest\u00f5es de pauta ou interesse em parcerias comerciais? Nossa equipe <\/strong>est\u00e1 pronta para te ouvir.<\/p>\n\n\n\n<p>E-mail Direto:<br>Para uma resposta mais r\u00e1pida, envie sua mensagem para:<br>\ud83d\udce7 solar@viva100anos.com<\/p>\n\n\n\n<p>A Reda\u00e7\u00e3o <\/p>\n\n\n<div class=\"wp-block-site-logo\"><a href=\"https:\/\/viva100anos.com\/pt_br\/\" class=\"custom-logo-link  no-t-logo\" rel=\"home\" itemprop=\"url\"><img loading=\"lazy\" decoding=\"async\" width=\"182\" height=\"182\" src=\"https:\/\/viva100anos.com\/wp-content\/uploads\/2026\/03\/cropped-logo.sol_-300x300-removebg-preview.png\" class=\"custom-logo\" alt=\"Viva100anos\" itemprop=\"logo\" srcset=\"https:\/\/viva100anos.com\/wp-content\/uploads\/2026\/03\/cropped-logo.sol_-300x300-removebg-preview.png 300w, https:\/\/viva100anos.com\/wp-content\/uploads\/2026\/03\/cropped-logo.sol_-300x300-removebg-preview-150x150.png 150w, https:\/\/viva100anos.com\/wp-content\/uploads\/2026\/03\/cropped-logo.sol_-300x300-removebg-preview-12x12.png 12w\" sizes=\"auto, (max-width: 182px) 100vw, 182px\" title=\"\"><\/a><\/div>\n\n\n<p><\/p>\n","protected":false},"excerpt":{"rendered":"<p>Entre em Contato: Voc\u00ea tem alguma d\u00favida sobre os protocolos de longevidade, sugest\u00f5es de pauta ou interesse em parcerias comerciais? Nossa equipe est\u00e1 pronta para te ouvir. E-mail Direto:Para uma &#8230;<\/p>\n","protected":false},"author":1,"featured_media":0,"parent":0,"menu_order":0,"comment_status":"closed","ping_status":"closed","template":"","meta":{"footnotes":""},"class_list":["post-67","page","type-page","status-publish","hentry"],"_hostinger_reach_plugin_has_subscription_block":false,"_hostinger_reach_plugin_is_elementor":false,"_links":{"self":[{"href":"https:\/\/viva100anos.com\/pt_br\/wp-json\/wp\/v2\/pages\/67","targetHints":{"allow":["GET"]}}],"collection":[{"href":"https:\/\/viva100anos.com\/pt_br\/wp-json\/wp\/v2\/pages"}],"about":[{"href":"https:\/\/viva100anos.com\/pt_br\/wp-json\/wp\/v2\/types\/page"}],"author":[{"embeddable":true,"href":"https:\/\/viva100anos.com\/pt_br\/wp-json\/wp\/v2\/users\/1"}],"replies":[{"embeddable":true,"href":"https:\/\/viva100anos.com\/pt_br\/wp-json\/wp\/v2\/comments?post=67"}],"version-history":[{"count":7,"href":"https:\/\/viva100anos.com\/pt_br\/wp-json\/wp\/v2\/pages\/67\/revisions"}],"predecessor-version":[{"id":197,"href":"https:\/\/viva100anos.com\/pt_br\/wp-json\/wp\/v2\/pages\/67\/revisions\/197"}],"wp:attachment":[{"href":"https:\/\/viva100anos.com\/pt_br\/wp-json\/wp\/v2\/media?parent=67"}],"curies":[{"name":"wp","href":"https:\/\/api.w.org\/{rel}","templated":true}]}}