{"id":10,"date":"2026-02-05T14:16:57","date_gmt":"2026-02-05T14:16:57","guid":{"rendered":"https:\/\/viva100anos.com\/?page_id=10"},"modified":"2026-03-10T00:52:02","modified_gmt":"2026-03-10T00:52:02","slug":"sobre","status":"publish","type":"page","link":"https:\/\/viva100anos.com\/pt_br\/sobre\/","title":{"rendered":"Sobre N\u00f3s"},"content":{"rendered":"<div class=\"wp-block-image\">\n<figure class=\"alignright size-full is-resized\"><img loading=\"lazy\" decoding=\"async\" width=\"540\" height=\"746\" src=\"https:\/\/viva100anos.com\/wp-content\/uploads\/2026\/03\/kknh.jpeg\" alt=\"\" class=\"wp-image-141\" style=\"aspect-ratio:0.7238757514190562;width:239px;height:auto\" title=\"\" srcset=\"https:\/\/viva100anos.com\/wp-content\/uploads\/2026\/03\/kknh.jpeg 540w, https:\/\/viva100anos.com\/wp-content\/uploads\/2026\/03\/kknh-217x300.jpeg 217w, https:\/\/viva100anos.com\/wp-content\/uploads\/2026\/03\/kknh-9x12.jpeg 9w\" sizes=\"auto, (max-width: 540px) 100vw, 540px\" \/><\/figure>\n<\/div>\n\n\n<p><strong><em>Sobre o Viva 100 Anos:<\/em><\/strong><\/p>\n\n\n\n<p>Este projeto de vida nasceu da intersec\u00e7\u00e3o entre a ci\u00eancia de ponta e a sabedoria milenar. Em um mundo saturado de informa\u00e7\u00f5es superficiais, nossa miss\u00e3o \u00e9 filtrar o que h\u00e1 de mais avan\u00e7ado em biohacking e longevidade, entregando protocolos pr\u00e1ticos para quem busca o alto desempenho metab\u00f3lico e mental.<\/p>\n\n\n\n<p><br><strong>Nossa Curadoria<\/strong><br>N\u00e3o acreditamos em f\u00f3rmulas m\u00e1gicas. Nossa linha editorial \u00e9 constru\u00edda sob tr\u00eas pilares fundamentais:<\/p>\n\n\n\n<p><strong>Experi\u00eancia Pr\u00e1tica:<\/strong> <em>Biohacks testados e aplicados para otimizar a biologia humana no dia a dia.<\/em><\/p>\n\n\n\n<p><strong>Rigor Cient\u00edfico: <\/strong><em>Curadoria rigorosa de estudos cl\u00ednicos e descobertas da medicina moderna.<\/em><\/p>\n\n\n\n<p><strong>Heran\u00e7a Hist\u00f3rica: <\/strong><em>Resgate de pr\u00e1ticas milenares de sa\u00fade e equil\u00edbrio mental, validadas pelo tempo.<\/em><\/p>\n\n\n<div class=\"wp-block-image\">\n<figure class=\"alignright size-large is-resized\"><img loading=\"lazy\" decoding=\"async\" width=\"1024\" height=\"758\" src=\"https:\/\/viva100anos.com\/wp-content\/uploads\/2026\/03\/277KB.necrosis-1024x758.avif\" alt=\"\" class=\"wp-image-136\" style=\"aspect-ratio:1.3509544787077827;width:308px;height:auto\" title=\"\" srcset=\"https:\/\/viva100anos.com\/wp-content\/uploads\/2026\/03\/277KB.necrosis-1024x758.avif 1024w, https:\/\/viva100anos.com\/wp-content\/uploads\/2026\/03\/277KB.necrosis-300x222.avif 300w, https:\/\/viva100anos.com\/wp-content\/uploads\/2026\/03\/277KB.necrosis-768x568.avif 768w, https:\/\/viva100anos.com\/wp-content\/uploads\/2026\/03\/277KB.necrosis-1536x1137.avif 1536w, https:\/\/viva100anos.com\/wp-content\/uploads\/2026\/03\/277KB.necrosis-16x12.avif 16w, https:\/\/viva100anos.com\/wp-content\/uploads\/2026\/03\/277KB.necrosis.avif 1812w\" sizes=\"auto, (max-width: 1024px) 100vw, 1024px\" \/><\/figure>\n<\/div>\n\n\n<p><br><strong>Quem Somos<\/strong><br>Atrav\u00e9s de suas pr\u00e1ticas e pesquisas constantes, Michael Mendieta, faz com que o portal manifeste uma vis\u00e3o global de sa\u00fade. Membro de uma ONG no Jap\u00e3o que contribui para a felicidade das pessoas e portador de uma doen\u00e7a degenerativa, Michael traz a perspectiva de quem compreende que a verdadeira sa\u00fade e longevidade \u00e9 a uni\u00e3o de um corpo resiliente com uma mente mestre.<\/p>\n\n\n\n<p><br><strong>O Compromisso Viva 100 Anos<\/strong><br>Nosso objetivo n\u00e3o \u00e9 apenas adicionar anos \u00e0 sua vida, mas sermos companheiros em um projeto poss\u00edvel. Seja atrav\u00e9s das pr\u00e1ticas milenares, da suplementa\u00e7\u00e3o estrat\u00e9gica ou otimiza\u00e7\u00e3o do sono, estamos aqui para ser o seu guia na jornada rumo ao centen\u00e1rio com vitalidade plena.<\/p>\n\n\n\n<p>A Reda\u00e7\u00e3o <\/p>\n","protected":false},"excerpt":{"rendered":"<p>Sobre o Viva 100 Anos: Este projeto de vida nasceu da intersec\u00e7\u00e3o entre a ci\u00eancia de ponta e a sabedoria milenar. Em um mundo saturado de informa\u00e7\u00f5es superficiais, nossa miss\u00e3o &#8230;<\/p>\n","protected":false},"author":1,"featured_media":0,"parent":0,"menu_order":0,"comment_status":"closed","ping_status":"closed","template":"","meta":{"footnotes":""},"class_list":["post-10","page","type-page","status-publish","hentry"],"_hostinger_reach_plugin_has_subscription_block":false,"_hostinger_reach_plugin_is_elementor":false,"_links":{"self":[{"href":"https:\/\/viva100anos.com\/pt_br\/wp-json\/wp\/v2\/pages\/10","targetHints":{"allow":["GET"]}}],"collection":[{"href":"https:\/\/viva100anos.com\/pt_br\/wp-json\/wp\/v2\/pages"}],"about":[{"href":"https:\/\/viva100anos.com\/pt_br\/wp-json\/wp\/v2\/types\/page"}],"author":[{"embeddable":true,"href":"https:\/\/viva100anos.com\/pt_br\/wp-json\/wp\/v2\/users\/1"}],"replies":[{"embeddable":true,"href":"https:\/\/viva100anos.com\/pt_br\/wp-json\/wp\/v2\/comments?post=10"}],"version-history":[{"count":6,"href":"https:\/\/viva100anos.com\/pt_br\/wp-json\/wp\/v2\/pages\/10\/revisions"}],"predecessor-version":[{"id":268,"href":"https:\/\/viva100anos.com\/pt_br\/wp-json\/wp\/v2\/pages\/10\/revisions\/268"}],"wp:attachment":[{"href":"https:\/\/viva100anos.com\/pt_br\/wp-json\/wp\/v2\/media?parent=10"}],"curies":[{"name":"wp","href":"https:\/\/api.w.org\/{rel}","templated":true}]}}