{"id":93,"date":"2026-02-09T10:42:28","date_gmt":"2026-02-09T10:42:28","guid":{"rendered":"https:\/\/viva100anos.com\/?page_id=93"},"modified":"2026-04-02T06:02:16","modified_gmt":"2026-04-02T06:02:16","slug":"projeto-viva-100-anos","status":"publish","type":"page","link":"https:\/\/viva100anos.com\/ja\/","title":{"rendered":"\u30d3\u30d0100\u5e74\u30d7\u30ed\u30b8\u30a7\u30af\u30c8"},"content":{"rendered":"<div class=\"wp-block-group alignwide is-nowrap is-layout-flex wp-container-core-group-is-layout-ad2f72ca wp-block-group-is-layout-flex\">\n<blockquote class=\"wp-block-quote is-layout-flow wp-block-quote-is-layout-flow\">\n<p class=\"has-text-align-center\"><strong><mark style=\"background-color:rgba(0, 0, 0, 0)\" class=\"has-inline-color has-accent-color\">\u79c1\u305f\u3061\u306f\u8cb4\u91cd\u306a\u60c5\u5831\u3092\u5171\u6709\u3057\u3001\u3068\u3082\u306b\u7fd2\u6163\u3092\u5909\u3048\u3066\u3044\u304f\u3002.<\/mark><\/strong><\/p>\n<\/blockquote>\n\n\n\n<blockquote class=\"wp-block-quote is-layout-flow wp-block-quote-is-layout-flow\">\n<p class=\"has-text-align-center\"><mark style=\"background-color:rgba(0, 0, 0, 0)\" class=\"has-inline-color has-accent-color\"><strong>\u79c1\u305f\u3061\u306f\u3088\u308a\u5f37\u3044\u8089\u4f53\u3068\u7cbe\u795e\u3092\u4f5c\u308b\u3060\u3051\u3067\u306a\u304f\u3001\u5065\u5eb7\u3067\u9577\u751f\u304d\u3059\u308b\u305f\u3081\u306e\u6761\u4ef6\u3082\u6574\u3048\u308b\u3002.<\/strong><\/mark><\/p>\n<\/blockquote>\n<\/div>\n\n\n\n<p><\/p>\n\n\n<div class=\"wp-block-image wp-duotone-unset-1\">\n<figure class=\"aligncenter size-large\"><img loading=\"lazy\" decoding=\"async\" width=\"1024\" height=\"585\" src=\"https:\/\/viva100anos.com\/wp-content\/uploads\/2026\/02\/longevidade.saudavel-1-1024x585.jpg\" alt=\"fotografia de um jardim na provinci de shimane onde pessoas da terceira idade aproveitam sua saude e vida feliz.\" class=\"wp-image-95\" title=\"\" srcset=\"https:\/\/viva100anos.com\/wp-content\/uploads\/2026\/02\/longevidade.saudavel-1-1024x585.jpg 1024w, https:\/\/viva100anos.com\/wp-content\/uploads\/2026\/02\/longevidade.saudavel-1-300x171.jpg 300w, https:\/\/viva100anos.com\/wp-content\/uploads\/2026\/02\/longevidade.saudavel-1-768x439.jpg 768w, https:\/\/viva100anos.com\/wp-content\/uploads\/2026\/02\/longevidade.saudavel-1.jpg 1344w\" sizes=\"auto, (max-width: 1024px) 100vw, 1024px\" \/><figcaption class=\"wp-element-caption\">S<em>\u5065\u5eb7\u306f\u5b66\u3073\u3001\u9577\u5bff\u306f\u5206\u304b\u3061\u5408\u3046\u3002\u30d3\u30d0100\u5e74\u3067\u306f\u3001\u8cea\u306e\u9ad8\u3044\u60c5\u5831\u304c\u79c1\u305f\u3061\u3092\u7d50\u3073\u3064\u3051\u308b\u3002.<\/em><\/figcaption><\/figure>\n<\/div>\n\n\n<p><\/p>\n\n\n\n<div class=\"wp-block-media-text has-media-on-the-right is-stacked-on-mobile is-vertically-aligned-center\" style=\"grid-template-columns:auto 39%\"><div class=\"wp-block-media-text__content\">\n<blockquote class=\"wp-block-quote is-layout-flow wp-block-quote-is-layout-flow\">\n<p class=\"has-text-align-center\"><strong>\u500b\u4eba\u306e\u6c7a\u610f<\/strong><\/p>\n\n\n\n<p class=\"has-text-align-center\"><em><strong>\u30d3\u30d0100\u5e74\u300d\u306f\u3001\u63fa\u308b\u304e\u306a\u3044\u500b\u4eba\u7684\u306a\u6c7a\u610f\u304b\u3089\u751f\u307e\u308c\u305f\u3002\u4e21\u5074\u306e\u8840\u7ba1\u58ca\u6b7b\u3068\u3044\u3046\u96e3\u984c\u306b\u76f4\u9762\u3057\u305f\u3068\u304d\u3001\u79c1\u306e\u7b54\u3048\u306f\u8ae6\u3081\u308b\u3053\u3068\u3067\u306f\u306a\u304f\u3001\u8089\u4f53\u7684\u306b\u3082\u7cbe\u795e\u7684\u306b\u3082\u3001\u3042\u3089\u3086\u308b\u9762\u3067\u5065\u5eb7\u3092\u7d76\u3048\u9593\u306a\u304f\u8ffd\u6c42\u3059\u308b\u3053\u3068\u3060\u3068\u6c7a\u5fc3\u3057\u305f\u3002.<\/strong><\/em><\/p>\n<\/blockquote>\n<\/div><figure class=\"wp-block-media-text__media\"><img loading=\"lazy\" decoding=\"async\" width=\"1024\" height=\"758\" src=\"https:\/\/viva100anos.com\/wp-content\/uploads\/2026\/03\/277KB.necrosis-1024x758.avif\" alt=\"\" class=\"wp-image-136 size-full\" title=\"\" srcset=\"https:\/\/viva100anos.com\/wp-content\/uploads\/2026\/03\/277KB.necrosis-1024x758.avif 1024w, https:\/\/viva100anos.com\/wp-content\/uploads\/2026\/03\/277KB.necrosis-300x222.avif 300w, https:\/\/viva100anos.com\/wp-content\/uploads\/2026\/03\/277KB.necrosis-768x568.avif 768w, https:\/\/viva100anos.com\/wp-content\/uploads\/2026\/03\/277KB.necrosis-1536x1137.avif 1536w, https:\/\/viva100anos.com\/wp-content\/uploads\/2026\/03\/277KB.necrosis-16x12.avif 16w, https:\/\/viva100anos.com\/wp-content\/uploads\/2026\/03\/277KB.necrosis.avif 1812w\" sizes=\"auto, (max-width: 1024px) 100vw, 1024px\" \/><\/figure><\/div>\n\n\n\n<p><\/p>\n\n\n\n<div class=\"wp-block-media-text alignwide is-stacked-on-mobile is-vertically-aligned-center\" style=\"grid-template-columns:22% auto\"><figure class=\"wp-block-media-text__media\"><img loading=\"lazy\" decoding=\"async\" width=\"643\" height=\"1024\" src=\"https:\/\/viva100anos.com\/wp-content\/uploads\/2026\/03\/fotoMICHAEL-643x1024.avif\" alt=\"\" class=\"wp-image-140 size-full\" title=\"\" srcset=\"https:\/\/viva100anos.com\/wp-content\/uploads\/2026\/03\/fotoMICHAEL-643x1024.avif 643w, https:\/\/viva100anos.com\/wp-content\/uploads\/2026\/03\/fotoMICHAEL-188x300.avif 188w, https:\/\/viva100anos.com\/wp-content\/uploads\/2026\/03\/fotoMICHAEL-768x1224.avif 768w, https:\/\/viva100anos.com\/wp-content\/uploads\/2026\/03\/fotoMICHAEL-964x1536.avif 964w, https:\/\/viva100anos.com\/wp-content\/uploads\/2026\/03\/fotoMICHAEL-8x12.avif 8w, https:\/\/viva100anos.com\/wp-content\/uploads\/2026\/03\/fotoMICHAEL.avif 1004w\" sizes=\"auto, (max-width: 643px) 100vw, 643px\" \/><\/figure><div class=\"wp-block-media-text__content\">\n<blockquote class=\"wp-block-quote is-layout-flow wp-block-quote-is-layout-flow\">\n<p class=\"has-text-align-center\"><strong>\u30b0\u30ed\u30fc\u30d0\u30eb\u306a\u5065\u5eb7\u89b3<\/strong><\/p>\n<\/blockquote>\n\n\n\n<div class=\"wp-block-group is-vertical is-layout-flex wp-container-core-group-is-layout-8cf370e7 wp-block-group-is-layout-flex\">\n<p class=\"has-text-align-center\"><strong><em>\u4e16\u754c\u306e\u53e1\u667a\u3092\u3042\u306a\u305f\u306e\u9577\u5bff\u306b\u5949\u4ed5\u3059\u308b<\/em><\/strong><\/p>\n\n\n\n<p>\u30d3\u30d0100\u5e74\u3067\u306f\u3001\u771f\u306e\u5065\u5eb7\u306f\u30b0\u30ed\u30fc\u30d0\u30eb\u306a\u8996\u70b9\u304b\u3089\u898b\u51fa\u3055\u308c\u308b\u3068\u4fe1\u3058\u3066\u3044\u307e\u3059\u3002\u4e16\u754c\u4e2d\u306e\u4eba\u3005\u304c\u53e4\u304f\u304b\u3089\u53d7\u3051\u7d99\u304c\u308c\u3066\u304d\u305f\u7fd2\u6163\u3084\u77e5\u6075\u3092\u5171\u6709\u3059\u308b\u3053\u3068\u3067\u3001\u79c1\u305f\u3061\u306f\u3001\u3042\u306a\u305f\u304c\u60f3\u50cf\u3082\u3057\u306a\u304b\u3063\u305f\u3088\u3046\u306a\u6d3b\u529b\u306e\u30ec\u30d9\u30eb\u3078\u5230\u9054\u3059\u308b\u305f\u3081\u306e\u5b89\u5168\u306a\u5730\u56f3\u3092\u4f5c\u308b\u3053\u3068\u304c\u3067\u304d\u308b\u306e\u3067\u3059\u3002.<\/p>\n<\/div>\n<\/div><\/div>\n\n\n\n<hr class=\"wp-block-separator has-alpha-channel-opacity\"\/>\n\n\n\n<div class=\"wp-block-media-text has-media-on-the-right is-stacked-on-mobile is-vertically-aligned-center\" style=\"grid-template-columns:auto 31%\"><div class=\"wp-block-media-text__content\">\n<blockquote class=\"wp-block-quote has-text-align-center is-layout-flow wp-block-quote-is-layout-flow\">\n<p>\u307f\u3093\u306a\u3001\u4e7e\u676f<\/p>\n<\/blockquote>\n\n\n\n<div class=\"wp-block-group is-nowrap is-layout-flex wp-container-core-group-is-layout-ad2f72ca wp-block-group-is-layout-flex\">\n<p>\u79c1\u305f\u3061\u306e\u30b5\u30a4\u30c8\u3092\u95b2\u89a7\u3059\u308b\u3053\u3068\u306f\u3001\u5358\u306b\u30d2\u30f3\u30c8\u3092\u898b\u3064\u3051\u308b\u3060\u3051\u3067\u306a\u304f\u3001\u4eba\u985e\u306e\u907a\u7523\u306b\u30a2\u30af\u30bb\u30b9\u3059\u308b\u3053\u3068\u3067\u3082\u3042\u308a\u307e\u3059\u3002\u79c1\u305f\u3061\u306f\u3001\u3055\u307e\u3056\u307e\u306a\u6587\u5316\u304c\u8eab\u4f53\u3068\u5fc3\u3092\u3069\u306e\u3088\u3046\u306b\u533b\u7642\u3068\u3057\u3066\u6271\u3063\u3066\u3044\u308b\u304b\u3092\u77e5\u308b\u3053\u3068\u3067\u3001\u81ea\u5206\u81ea\u8eab\u306b\u95a2\u5fc3\u3092\u6301\u3063\u3066\u3044\u305f\u3060\u304d\u305f\u3044\u3068\u8003\u3048\u3066\u3044\u307e\u3059\u3002\u3053\u306e\u3088\u3046\u306a\u77e5\u8b58\u3068\u5065\u5eb7\u6cd5\u306e\u4ea4\u63db\u3092\u3001\u79c1\u305f\u3061\u306f\u3053\u3046\u547c\u3093\u3067\u3044\u308b\u3002 <strong><em>\u30d0\u30a4\u30bf\u30eb\u30fb\u30ec\u30be\u30ca\u30f3\u30b9<sub>.<\/sub><\/em><\/strong><\/p>\n<\/div>\n<\/div><figure class=\"wp-block-media-text__media\"><img loading=\"lazy\" decoding=\"async\" width=\"694\" height=\"1024\" src=\"https:\/\/viva100anos.com\/wp-content\/uploads\/2026\/03\/paz-694x1024.jpeg\" alt=\"\" class=\"wp-image-172 size-full\" title=\"\" srcset=\"https:\/\/viva100anos.com\/wp-content\/uploads\/2026\/03\/paz-694x1024.jpeg 694w, https:\/\/viva100anos.com\/wp-content\/uploads\/2026\/03\/paz-203x300.jpeg 203w, https:\/\/viva100anos.com\/wp-content\/uploads\/2026\/03\/paz-768x1134.jpeg 768w, https:\/\/viva100anos.com\/wp-content\/uploads\/2026\/03\/paz-1041x1536.jpeg 1041w, https:\/\/viva100anos.com\/wp-content\/uploads\/2026\/03\/paz-8x12.jpeg 8w, https:\/\/viva100anos.com\/wp-content\/uploads\/2026\/03\/paz.jpeg 1084w\" sizes=\"auto, (max-width: 694px) 100vw, 694px\" \/><\/figure><\/div>\n\n\n\n<h2 data-wp-context---core-fit-text=\"core\/fit-text::{&quot;fontSize&quot;:&quot;&quot;}\" data-wp-init---core-fit-text=\"core\/fit-text::callbacks.init\" data-wp-interactive data-wp-style--font-size=\"core\/fit-text::context.fontSize\" class=\"wp-block-heading has-text-align-center has-fit-text\">\u4e00\u7dd2\u306b\u30d8\u30eb\u30b9\u30fb\u30a8\u30af\u30b9\u30d7\u30ed\u30fc\u30e9\u30fc\u306b\u306a\u308a\u307e\u3057\u3087\u3046\uff01<\/h2>\n\n\n\n<blockquote class=\"wp-block-quote is-layout-flow wp-block-quote-is-layout-flow\">\n<p><strong>\u6e29\u304b\u3044\u30cf\u30b0\uff01<\/strong><\/p>\n<\/blockquote>\n\n\n\n<p>\u30cb\u30e5\u30fc\u30b9\u30eb\u30fc\u30e0 <\/p>\n\n\n<div class=\"wp-block-site-logo\"><a href=\"https:\/\/viva100anos.com\/ja\/\" class=\"custom-logo-link  no-t-logo\" rel=\"home\" itemprop=\"url\"><img loading=\"lazy\" decoding=\"async\" width=\"132\" height=\"132\" src=\"https:\/\/viva100anos.com\/wp-content\/uploads\/2026\/03\/cropped-logo.sol_-300x300-removebg-preview.png\" class=\"custom-logo\" alt=\"Viva100anos\" itemprop=\"logo\" srcset=\"https:\/\/viva100anos.com\/wp-content\/uploads\/2026\/03\/cropped-logo.sol_-300x300-removebg-preview.png 300w, https:\/\/viva100anos.com\/wp-content\/uploads\/2026\/03\/cropped-logo.sol_-300x300-removebg-preview-150x150.png 150w, https:\/\/viva100anos.com\/wp-content\/uploads\/2026\/03\/cropped-logo.sol_-300x300-removebg-preview-12x12.png 12w\" sizes=\"auto, (max-width: 132px) 100vw, 132px\" title=\"\"><\/a><\/div>\n\n\n\n\n<hr class=\"wp-block-separator has-alpha-channel-opacity\"\/>\n\n\n\n<div class=\"wp-block-columns alignwide are-vertically-aligned-bottom has-small-font-size is-layout-flex wp-container-core-columns-is-layout-9d6595d7 wp-block-columns-is-layout-flex\">\n<div class=\"wp-block-column is-vertically-aligned-bottom is-layout-flow wp-block-column-is-layout-flow\">\n<p class=\"has-text-align-center\">\u514d\u8cac\u4e8b\u9805 <\/p>\n\n\n\n<p class=\"has-text-align-center\">\u30d3\u30d0100\u30a2\u30ce\u30b9\u306e\u30a6\u30a7\u30d6\u30b5\u30a4\u30c8\u306e\u5185\u5bb9\u306f\u3001\u60c5\u5831\u63d0\u4f9b\u3068\u6559\u80b2\u306e\u307f\u3092\u76ee\u7684\u3068\u3057\u3066\u3044\u307e\u3059\u3002\u3053\u3053\u306b\u8a18\u8f09\u3055\u308c\u3066\u3044\u308b\u60c5\u5831\u306f\u3001\u5c02\u9580\u5bb6\u306b\u3088\u308b\u533b\u7642\u4e0a\u306e\u30a2\u30c9\u30d0\u30a4\u30b9\u3001\u8a3a\u65ad\u3001\u6cbb\u7642\u306b\u4ee3\u308f\u308b\u3082\u306e\u3067\u306f\u3042\u308a\u307e\u305b\u3093\u3002\u3054\u81ea\u8eab\u306e\u5065\u5eb7\u72b6\u614b\u306b\u95a2\u3059\u308b\u3054\u8cea\u554f\u306f\u3001\u5fc5\u305a\u533b\u5e2b\u307e\u305f\u306f\u8cc7\u683c\u3092\u6709\u3059\u308b\u533b\u7642\u5c02\u9580\u5bb6\u306b\u3054\u76f8\u8ac7\u304f\u3060\u3055\u3044\u3002\u3053\u306e\u30b5\u30a4\u30c8\u3067\u8aad\u3093\u3060\u3053\u3068\u3092\u7406\u7531\u306b\u3001\u5c02\u9580\u533b\u306e\u30a2\u30c9\u30d0\u30a4\u30b9\u3092\u7121\u8996\u3057\u306a\u3044\u3067\u304f\u3060\u3055\u3044\u3002.<\/p>\n\n\n\n<p class=\"has-text-align-center has-small-font-size\">Copyright \u00a9\ufe0f 2026 viva100anos.com - \u7121\u65ad\u8907\u5199\u30fb\u8ee2\u8f09\u3092\u7981\u3058\u307e\u3059\u3002.<\/p>\n<\/div>\n<\/div>","protected":false},"excerpt":{"rendered":"<p>Compartilhamos informa\u00e7\u00f5es valiosas e juntos mudamos os nossos h\u00e1bitos. Constru\u00edmos n\u00e3o somente corpos e mentes mais fortes, mas tamb\u00e9m criamos condi\u00e7\u00f5es para uma vida longa e saud\u00e1vel. Vamos nos tornar, &#8230;<\/p>","protected":false},"author":1,"featured_media":0,"parent":0,"menu_order":0,"comment_status":"closed","ping_status":"closed","template":"","meta":{"footnotes":"[]"},"class_list":["post-93","page","type-page","status-publish","hentry"],"_hostinger_reach_plugin_has_subscription_block":false,"_hostinger_reach_plugin_is_elementor":false,"_links":{"self":[{"href":"https:\/\/viva100anos.com\/ja\/wp-json\/wp\/v2\/pages\/93","targetHints":{"allow":["GET"]}}],"collection":[{"href":"https:\/\/viva100anos.com\/ja\/wp-json\/wp\/v2\/pages"}],"about":[{"href":"https:\/\/viva100anos.com\/ja\/wp-json\/wp\/v2\/types\/page"}],"author":[{"embeddable":true,"href":"https:\/\/viva100anos.com\/ja\/wp-json\/wp\/v2\/users\/1"}],"replies":[{"embeddable":true,"href":"https:\/\/viva100anos.com\/ja\/wp-json\/wp\/v2\/comments?post=93"}],"version-history":[{"count":34,"href":"https:\/\/viva100anos.com\/ja\/wp-json\/wp\/v2\/pages\/93\/revisions"}],"predecessor-version":[{"id":352,"href":"https:\/\/viva100anos.com\/ja\/wp-json\/wp\/v2\/pages\/93\/revisions\/352"}],"wp:attachment":[{"href":"https:\/\/viva100anos.com\/ja\/wp-json\/wp\/v2\/media?parent=93"}],"curies":[{"name":"wp","href":"https:\/\/api.w.org\/{rel}","templated":true}]}}