{"id":65,"date":"2026-02-05T11:23:22","date_gmt":"2026-02-05T11:23:22","guid":{"rendered":"https:\/\/viva100anos.com\/?page_id=65"},"modified":"2026-02-14T12:02:57","modified_gmt":"2026-02-14T12:02:57","slug":"termos-de-uso-viva100anos-com","status":"publish","type":"page","link":"https:\/\/viva100anos.com\/ja\/termos-de-uso-viva100anos-com\/","title":{"rendered":"\u5229\u7528\u898f\u7d04"},"content":{"rendered":"<p>viva100anos.com\u3078\u3088\u3046\u3053\u305d\u3002 \u3053\u306e\u30b5\u30a4\u30c8\u306b\u30a2\u30af\u30bb\u30b9\u3059\u308b\u3053\u3068\u3067\u3001\u4ee5\u4e0b\u306e\u6761\u4ef6\u306b\u540c\u610f\u3057\u305f\u3053\u3068\u306b\u306a\u308a\u307e\u3059\uff1a<\/p>\n\n\n\n<p><strong>\u60c5\u5831\u63d0\u4f9b\u3092\u76ee\u7684\u3068\u3059\u308b\uff1a<\/strong> \u30d0\u30a4\u30aa\u30cf\u30c3\u30af\u3068\u9577\u5bff\u30d7\u30ed\u30c8\u30b3\u30eb\u3092\u542b\u3080\u3059\u3079\u3066\u306e\u516c\u958b\u30b3\u30f3\u30c6\u30f3\u30c4\u306f\u3001\u3082\u3063\u3071\u3089\u6559\u80b2\u7684\u306a\u3082\u306e\u3067\u3059\u3002\u533b\u5b66\u7684\u306a\u30a2\u30c9\u30d0\u30a4\u30b9\u3001\u8a3a\u65ad\u3001\u51e6\u65b9\u3092\u884c\u3046\u3082\u306e\u3067\u306f\u3042\u308a\u307e\u305b\u3093\u3002.<\/p>\n\n\n\n<p><strong>\u30e6\u30fc\u30b6\u30fc\u306e\u8cac\u4efb\uff1a<\/strong> \u30dd\u30fc\u30bf\u30eb\u3067\u8b70\u8ad6\u3055\u308c\u3066\u3044\u308b\u3044\u304b\u306a\u308b\u6280\u8853\u3001\u30b5\u30d7\u30ea\u30e1\u30f3\u30c8\u3001\u7fd2\u6163\u306e\u5909\u66f4\u306e\u9069\u7528\u3082\u3001\u5229\u7528\u8005\u81ea\u8eab\u306e\u8cac\u4efb\u3068\u306a\u308a\u307e\u3059\u3002\u65e5\u5e38\u751f\u6d3b\u306b\u5909\u66f4\u3092\u52a0\u3048\u308b\u524d\u306b\u3001\u533b\u7642\u5c02\u9580\u5bb6\u306b\u76f8\u8ac7\u3059\u308b\u3053\u3068\u3092\u304a\u52e7\u3081\u3057\u307e\u3059\u3002.<\/p>\n\n\n\n<p><strong>\u77e5\u7684\u8ca1\u7523\uff1a<\/strong> \u3059\u3079\u3066\u306e\u30c6\u30ad\u30b9\u30c8\u304a\u3088\u3073\u30d3\u30b8\u30e5\u30a2\u30eb\u30fb\u30a2\u30a4\u30c7\u30f3\u30c6\u30a3\u30c6\u30a3\u306f\u30de\u30a4\u30b1\u30eb\u30fb\u30e1\u30f3\u30c7\u30a3\u30a8\u30bf\u306e\u6240\u6709\u7269\u3067\u3042\u308a\u3001\u8457\u4f5c\u6a29\u6cd5\uff08Copyright \u00a9\ufe0f\uff09\u306b\u3088\u308a\u4fdd\u8b77\u3055\u308c\u3066\u3044\u307e\u3059\u3002\u4e8b\u524d\u306e\u8a31\u53ef\u306a\u304f\u5168\u90e8\u307e\u305f\u306f\u4e00\u90e8\u3092\u8907\u88fd\u3059\u308b\u3053\u3068\u3092\u7981\u3058\u307e\u3059\u3002.<\/p>\n\n\n\n<p><strong>\u5916\u90e8\u30ea\u30f3\u30af<\/strong> \u5f53\u793e\u306f\u3001\u5f53\u793e\u306e\u8a18\u4e8b\u3067\u30ea\u30f3\u30af\u3055\u308c\u3066\u3044\u308b\u7b2c\u4e09\u8005\u306e\u30a6\u30a7\u30d6\u30b5\u30a4\u30c8\u306e\u30b3\u30f3\u30c6\u30f3\u30c4\u307e\u305f\u306f\u30d7\u30e9\u30a4\u30d0\u30b7\u30fc\u6163\u884c\u306b\u3064\u3044\u3066\u8cac\u4efb\u3092\u8ca0\u3044\u307e\u305b\u3093\u3002.<\/p>","protected":false},"excerpt":{"rendered":"<p>Bem-vindo ao viva100anos.com. Ao acessar este site, voc\u00ea concorda com os seguintes termos: Finalidade Informativa: Todo o conte\u00fado publicado, incluindo protocolos de biohacking e longevidade, tem car\u00e1ter exclusivamente educativo. N\u00e3o &#8230;<\/p>","protected":false},"author":1,"featured_media":0,"parent":0,"menu_order":0,"comment_status":"closed","ping_status":"closed","template":"","meta":{"footnotes":""},"class_list":["post-65","page","type-page","status-publish","hentry"],"_hostinger_reach_plugin_has_subscription_block":false,"_hostinger_reach_plugin_is_elementor":false,"_links":{"self":[{"href":"https:\/\/viva100anos.com\/ja\/wp-json\/wp\/v2\/pages\/65","targetHints":{"allow":["GET"]}}],"collection":[{"href":"https:\/\/viva100anos.com\/ja\/wp-json\/wp\/v2\/pages"}],"about":[{"href":"https:\/\/viva100anos.com\/ja\/wp-json\/wp\/v2\/types\/page"}],"author":[{"embeddable":true,"href":"https:\/\/viva100anos.com\/ja\/wp-json\/wp\/v2\/users\/1"}],"replies":[{"embeddable":true,"href":"https:\/\/viva100anos.com\/ja\/wp-json\/wp\/v2\/comments?post=65"}],"version-history":[{"count":2,"href":"https:\/\/viva100anos.com\/ja\/wp-json\/wp\/v2\/pages\/65\/revisions"}],"predecessor-version":[{"id":69,"href":"https:\/\/viva100anos.com\/ja\/wp-json\/wp\/v2\/pages\/65\/revisions\/69"}],"wp:attachment":[{"href":"https:\/\/viva100anos.com\/ja\/wp-json\/wp\/v2\/media?parent=65"}],"curies":[{"name":"wp","href":"https:\/\/api.w.org\/{rel}","templated":true}]}}