{"id":12,"date":"2026-02-05T14:46:00","date_gmt":"2026-02-05T14:46:00","guid":{"rendered":"https:\/\/viva100anos.com\/?page_id=12"},"modified":"2026-02-12T14:51:50","modified_gmt":"2026-02-12T14:51:50","slug":"politica-de-privacidade","status":"publish","type":"page","link":"https:\/\/viva100anos.com\/ja\/politica-de-privacidade\/","title":{"rendered":"\u30d7\u30e9\u30a4\u30d0\u30b7\u30fc\u30dd\u30ea\u30b7\u30fc"},"content":{"rendered":"<h2 class=\"wp-block-heading\">Viva 100 Anos<\/h2>\n\n\n\n<p>A sua privacidade \u00e9 fundamental para n\u00f3s. \u00c9 pol\u00edtica do Viva 100 Anos respeitar a sua privacidade em rela\u00e7\u00e3o a qualquer informa\u00e7\u00e3o sua que possamos coletar no site viva100anos.com e outros sites que possu\u00edmos e operamos.<\/p>\n\n\n\n<ol class=\"wp-block-list\">\n<li><strong>Coleta de Informa\u00e7\u00f5es:<\/strong><br>Solicitamos informa\u00e7\u00f5es pessoais apenas quando realmente precisamos delas para lhe fornecer um servi\u00e7o (como a inscri\u00e7\u00e3o em nossa newsletter ou o acesso a biohacks exclusivos). Fazemo-lo por meios justos e legais, com o seu conhecimento e consentimento.<\/li>\n\n\n\n<li><strong>Uso de Dados:<\/strong><br>Retemos as informa\u00e7\u00f5es coletadas pelo tempo necess\u00e1rio para fornecer o servi\u00e7o solicitado. Quando armazenamos dados, os protegemos dentro de meios comercialmente aceit\u00e1veis \u200b\u200bpara evitar perdas e roubos, bem como acesso, divulga\u00e7\u00e3o, c\u00f3pia, uso ou modifica\u00e7\u00e3o n\u00e3o autorizados.<\/li>\n\n\n\n<li><strong>Cookies e Links de Terceiros:<\/strong><\/li>\n<\/ol>\n\n\n\n<ul class=\"wp-block-list\">\n<li><strong>Cookies:<\/strong> Utilizamos cookies para entender como voc\u00ea interage com nosso conte\u00fado de longevidade e melhorar sua experi\u00eancia.<\/li>\n\n\n\n<li><strong>\u5916\u90e8\u30ea\u30f3\u30af <\/strong>Nosso site pode ter links para sites externos (como parceiros de biohacking ou a Hostinger) que n\u00e3o s\u00e3o operados por n\u00f3s. N\u00e3o temos controle sobre o conte\u00fado e pr\u00e1ticas desses sites e n\u00e3o podemos aceitar responsabilidade por suas respectivas pol\u00edticas.<\/li>\n<\/ul>\n\n\n\n<ol class=\"wp-block-list\">\n<li><strong>Compromisso do Usu\u00e1rio<\/strong>:<br>O usu\u00e1rio se compromete a fazer uso adequado dos conte\u00fados e da informa\u00e7\u00e3o que o Viva 100 Anos oferece, n\u00e3o se envolvendo em atividades il\u00edcitas ou contr\u00e1rias \u00e0 boa f\u00e9 e \u00e0 ordem p\u00fablica.<\/li>\n\n\n\n<li><strong>Direitos do Titular<\/strong>:<br>Voc\u00ea \u00e9 livre para recusar a nossa solicita\u00e7\u00e3o de informa\u00e7\u00f5es pessoais, entendendo que talvez n\u00e3o possamos fornecer alguns dos servi\u00e7os desejados.<\/li>\n<\/ol>\n\n\n\n<p><\/p>","protected":false},"excerpt":{"rendered":"<p>Viva 100 Anos A sua privacidade \u00e9 fundamental para n\u00f3s. \u00c9 pol\u00edtica do Viva 100 Anos respeitar a sua privacidade em rela\u00e7\u00e3o a qualquer informa\u00e7\u00e3o sua que possamos coletar no &#8230;<\/p>","protected":false},"author":1,"featured_media":0,"parent":0,"menu_order":0,"comment_status":"closed","ping_status":"closed","template":"","meta":{"footnotes":""},"class_list":["post-12","page","type-page","status-publish","hentry"],"_hostinger_reach_plugin_has_subscription_block":false,"_hostinger_reach_plugin_is_elementor":false,"_links":{"self":[{"href":"https:\/\/viva100anos.com\/ja\/wp-json\/wp\/v2\/pages\/12","targetHints":{"allow":["GET"]}}],"collection":[{"href":"https:\/\/viva100anos.com\/ja\/wp-json\/wp\/v2\/pages"}],"about":[{"href":"https:\/\/viva100anos.com\/ja\/wp-json\/wp\/v2\/types\/page"}],"author":[{"embeddable":true,"href":"https:\/\/viva100anos.com\/ja\/wp-json\/wp\/v2\/users\/1"}],"replies":[{"embeddable":true,"href":"https:\/\/viva100anos.com\/ja\/wp-json\/wp\/v2\/comments?post=12"}],"version-history":[{"count":1,"href":"https:\/\/viva100anos.com\/ja\/wp-json\/wp\/v2\/pages\/12\/revisions"}],"predecessor-version":[{"id":13,"href":"https:\/\/viva100anos.com\/ja\/wp-json\/wp\/v2\/pages\/12\/revisions\/13"}],"wp:attachment":[{"href":"https:\/\/viva100anos.com\/ja\/wp-json\/wp\/v2\/media?parent=12"}],"curies":[{"name":"wp","href":"https:\/\/api.w.org\/{rel}","templated":true}]}}