{"id":10,"date":"2026-02-05T14:16:57","date_gmt":"2026-02-05T14:16:57","guid":{"rendered":"https:\/\/viva100anos.com\/?page_id=10"},"modified":"2026-03-10T00:52:02","modified_gmt":"2026-03-10T00:52:02","slug":"sobre","status":"publish","type":"page","link":"https:\/\/viva100anos.com\/ja\/sobre\/","title":{"rendered":"\u4f1a\u793e\u6982\u8981"},"content":{"rendered":"<div class=\"wp-block-image\">\n<figure class=\"alignright size-full is-resized\"><img loading=\"lazy\" decoding=\"async\" width=\"540\" height=\"746\" src=\"https:\/\/viva100anos.com\/wp-content\/uploads\/2026\/03\/kknh.jpeg\" alt=\"\" class=\"wp-image-141\" style=\"aspect-ratio:0.7238757514190562;width:239px;height:auto\" title=\"\" srcset=\"https:\/\/viva100anos.com\/wp-content\/uploads\/2026\/03\/kknh.jpeg 540w, https:\/\/viva100anos.com\/wp-content\/uploads\/2026\/03\/kknh-217x300.jpeg 217w, https:\/\/viva100anos.com\/wp-content\/uploads\/2026\/03\/kknh-9x12.jpeg 9w\" sizes=\"auto, (max-width: 540px) 100vw, 540px\" \/><\/figure>\n<\/div>\n\n\n<p><strong><em>\u30d3\u30d0100\u5e74\u306b\u3064\u3044\u3066<\/em><\/strong><\/p>\n\n\n\n<p>\u3053\u306e\u30e9\u30a4\u30d5\u30fb\u30d7\u30ed\u30b8\u30a7\u30af\u30c8\u306f\u3001\u6700\u5148\u7aef\u306e\u79d1\u5b66\u3068\u53e4\u4ee3\u306e\u77e5\u6075\u306e\u4ea4\u5dee\u70b9\u304b\u3089\u751f\u307e\u308c\u305f\u3002\u8868\u9762\u7684\u306a\u60c5\u5831\u304c\u98fd\u548c\u72b6\u614b\u306b\u3042\u308b\u3053\u306e\u4e16\u754c\u3067\u3001\u79c1\u305f\u3061\u306e\u4f7f\u547d\u306f\u3001\u6700\u65b0\u306e\u30d0\u30a4\u30aa\u30cf\u30c3\u30af\u3068\u9577\u5bff\u3092\u30d5\u30a3\u30eb\u30bf\u30fc\u306b\u304b\u3051\u3001\u9ad8\u3044\u4ee3\u8b1d\u3068\u7cbe\u795e\u7684\u30d1\u30d5\u30a9\u30fc\u30de\u30f3\u30b9\u3092\u6c42\u3081\u308b\u4eba\u3005\u306e\u305f\u3081\u306b\u5b9f\u8df5\u7684\u306a\u30d7\u30ed\u30c8\u30b3\u30eb\u3092\u63d0\u4f9b\u3059\u308b\u3053\u3068\u3067\u3059\u3002.<\/p>\n\n\n\n<p><br><strong>\u30ad\u30e5\u30ec\u30fc\u30bf\u30fc\u30b7\u30c3\u30d7<\/strong><br>\u79c1\u305f\u3061\u306f\u9b54\u6cd5\u306e\u516c\u5f0f\u3092\u4fe1\u3058\u3066\u3044\u307e\u305b\u3093\u3002\u79c1\u305f\u3061\u306e\u7de8\u96c6\u65b9\u91dd\u306f\u30013\u3064\u306e\u57fa\u672c\u7684\u306a\u67f1\u306b\u57fa\u3065\u3044\u3066\u3044\u307e\u3059\uff1a<\/p>\n\n\n\n<p><strong>\u5b9f\u52d9\u7d4c\u9a13\uff1a<\/strong> <em>\u65e5\u5e38\u751f\u6d3b\u3067\u4eba\u9593\u306e\u751f\u7269\u5b66\u3092\u6700\u9069\u5316\u3059\u308b\u305f\u3081\u306b\u30c6\u30b9\u30c8\u3055\u308c\u3001\u5fdc\u7528\u3055\u308c\u305f\u30d0\u30a4\u30aa\u30cf\u30c3\u30af\u3002.<\/em><\/p>\n\n\n\n<p><strong>\u79d1\u5b66\u7684\u53b3\u5bc6\u3055\uff1a <\/strong><em>\u73fe\u4ee3\u533b\u5b66\u306b\u304a\u3051\u308b\u81e8\u5e8a\u7814\u7a76\u304a\u3088\u3073\u767a\u898b\u306e\u53b3\u5bc6\u306a\u30ad\u30e5\u30ec\u30fc\u30b7\u30e7\u30f3\u3002.<\/em><\/p>\n\n\n\n<p><strong>\u6b74\u53f2\u7684\u907a\u7523\uff1a <\/strong><em>\u5065\u5eb7\u3068\u7cbe\u795e\u306e\u30d0\u30e9\u30f3\u30b9\u3092\u4fdd\u3064\u305f\u3081\u306e\u53e4\u4ee3\u306e\u7fd2\u6163\u306e\u5fa9\u6d3b\u3002.<\/em><\/p>\n\n\n<div class=\"wp-block-image\">\n<figure class=\"alignright size-large is-resized\"><img loading=\"lazy\" decoding=\"async\" width=\"1024\" height=\"758\" src=\"https:\/\/viva100anos.com\/wp-content\/uploads\/2026\/03\/277KB.necrosis-1024x758.avif\" alt=\"\" class=\"wp-image-136\" style=\"aspect-ratio:1.3509544787077827;width:308px;height:auto\" title=\"\" srcset=\"https:\/\/viva100anos.com\/wp-content\/uploads\/2026\/03\/277KB.necrosis-1024x758.avif 1024w, https:\/\/viva100anos.com\/wp-content\/uploads\/2026\/03\/277KB.necrosis-300x222.avif 300w, https:\/\/viva100anos.com\/wp-content\/uploads\/2026\/03\/277KB.necrosis-768x568.avif 768w, https:\/\/viva100anos.com\/wp-content\/uploads\/2026\/03\/277KB.necrosis-1536x1137.avif 1536w, https:\/\/viva100anos.com\/wp-content\/uploads\/2026\/03\/277KB.necrosis-16x12.avif 16w, https:\/\/viva100anos.com\/wp-content\/uploads\/2026\/03\/277KB.necrosis.avif 1812w\" sizes=\"auto, (max-width: 1024px) 100vw, 1024px\" \/><\/figure>\n<\/div>\n\n\n<p><br><strong>\u4f1a\u793e\u6982\u8981<\/strong><br>\u30de\u30a4\u30b1\u30eb\u30fb\u30e1\u30f3\u30c7\u30a3\u30a8\u30bf\u306f\u3001\u305d\u306e\u5b9f\u8df5\u3068\u7d76\u3048\u9593\u306a\u3044\u7814\u7a76\u3092\u901a\u3057\u3066\u3001\u5065\u5eb7\u306b\u3064\u3044\u3066\u306e\u4e16\u754c\u7684\u306a\u30d3\u30b8\u30e7\u30f3\u3092\u30dd\u30fc\u30bf\u30eb\u306b\u73fe\u3057\u3066\u3044\u308b\u3002\u4eba\u3005\u306e\u5e78\u798f\u306b\u8ca2\u732e\u3059\u308b\u65e5\u672c\u306eNGO\u306e\u30e1\u30f3\u30d0\u30fc\u3067\u3042\u308a\u3001\u5909\u6027\u75be\u60a3\u306e\u60a3\u8005\u3067\u3082\u3042\u308b\u30de\u30a4\u30b1\u30eb\u306f\u3001\u771f\u306e\u5065\u5eb7\u3068\u9577\u5bff\u3068\u306f\u3001\u56de\u5fa9\u529b\u306e\u3042\u308b\u8eab\u4f53\u3068\u512a\u308c\u305f\u7cbe\u795e\u306e\u7d50\u5408\u3067\u3042\u308b\u3053\u3068\u3092\u7406\u89e3\u3059\u308b\u4eba\u306e\u8996\u70b9\u3092\u3082\u305f\u3089\u3059\u3002.<\/p>\n\n\n\n<p><br><strong>\u30d3\u30d0100\u5e74\u306e\u8a93\u3044<\/strong><br>\u79c1\u305f\u3061\u306e\u30b4\u30fc\u30eb\u306f\u3001\u5358\u306b\u5bff\u547d\u3092\u5ef6\u3070\u3059\u3053\u3068\u3067\u306f\u306a\u304f\u3001\u53ef\u80fd\u6027\u306e\u3042\u308b\u30d7\u30ed\u30b8\u30a7\u30af\u30c8\u306e\u4ef2\u9593\u306b\u306a\u308b\u3053\u3068\u3067\u3059\u3002\u53e4\u6765\u304b\u3089\u306e\u7fd2\u6163\u3001\u6226\u7565\u7684\u306a\u30b5\u30d7\u30ea\u30e1\u30f3\u30c8\u6442\u53d6\u3001\u7761\u7720\u306e\u6700\u9069\u5316\u306a\u3069\u3001\u79c1\u305f\u3061\u306f\u6d3b\u529b\u3042\u3075\u308c\u308b100\u6b73\u3078\u306e\u65c5\u306e\u9053\u3057\u308b\u3079\u3068\u306a\u308a\u307e\u3059\u3002.<\/p>\n\n\n\n<p>\u30cb\u30e5\u30fc\u30b9\u30eb\u30fc\u30e0 <\/p>","protected":false},"excerpt":{"rendered":"<p>Sobre o Viva 100 Anos: Este projeto de vida nasceu da intersec\u00e7\u00e3o entre a ci\u00eancia de ponta e a sabedoria milenar. Em um mundo saturado de informa\u00e7\u00f5es superficiais, nossa miss\u00e3o &#8230;<\/p>","protected":false},"author":1,"featured_media":0,"parent":0,"menu_order":0,"comment_status":"closed","ping_status":"closed","template":"","meta":{"footnotes":""},"class_list":["post-10","page","type-page","status-publish","hentry"],"_hostinger_reach_plugin_has_subscription_block":false,"_hostinger_reach_plugin_is_elementor":false,"_links":{"self":[{"href":"https:\/\/viva100anos.com\/ja\/wp-json\/wp\/v2\/pages\/10","targetHints":{"allow":["GET"]}}],"collection":[{"href":"https:\/\/viva100anos.com\/ja\/wp-json\/wp\/v2\/pages"}],"about":[{"href":"https:\/\/viva100anos.com\/ja\/wp-json\/wp\/v2\/types\/page"}],"author":[{"embeddable":true,"href":"https:\/\/viva100anos.com\/ja\/wp-json\/wp\/v2\/users\/1"}],"replies":[{"embeddable":true,"href":"https:\/\/viva100anos.com\/ja\/wp-json\/wp\/v2\/comments?post=10"}],"version-history":[{"count":6,"href":"https:\/\/viva100anos.com\/ja\/wp-json\/wp\/v2\/pages\/10\/revisions"}],"predecessor-version":[{"id":268,"href":"https:\/\/viva100anos.com\/ja\/wp-json\/wp\/v2\/pages\/10\/revisions\/268"}],"wp:attachment":[{"href":"https:\/\/viva100anos.com\/ja\/wp-json\/wp\/v2\/media?parent=10"}],"curies":[{"name":"wp","href":"https:\/\/api.w.org\/{rel}","templated":true}]}}